{"id":1173,"date":"2025-10-03T10:13:17","date_gmt":"2025-10-03T08:13:17","guid":{"rendered":"https:\/\/swedishventures.se\/?page_id=1173"},"modified":"2025-10-03T10:13:17","modified_gmt":"2025-10-03T08:13:17","slug":"ursakta-roran-vi-bygger-om","status":"publish","type":"page","link":"https:\/\/swedishventures.se\/en\/","title":{"rendered":"Urs\u00e4kta r\u00f6ran! Vi bygger om!"},"content":{"rendered":"\n<p>F\u00f6r att f\u00e5 plats f\u00f6r fler framtida Unicorns!<\/p>\n\n\n\n<figure class=\"wp-block-image aligncenter size-large is-resized\"><img loading=\"lazy\" decoding=\"async\" width=\"633\" height=\"1024\" src=\"https:\/\/swedishventures.se\/wp-content\/uploads\/2023\/10\/13677911_5143541-633x1024.png\" alt=\"\" class=\"wp-image-813\" style=\"width:225px;height:auto\" srcset=\"https:\/\/swedishventures.se\/wp-content\/uploads\/2023\/10\/13677911_5143541-633x1024.png 633w, https:\/\/swedishventures.se\/wp-content\/uploads\/2023\/10\/13677911_5143541-185x300.png 185w, https:\/\/swedishventures.se\/wp-content\/uploads\/2023\/10\/13677911_5143541-768x1243.png 768w, https:\/\/swedishventures.se\/wp-content\/uploads\/2023\/10\/13677911_5143541-949x1536.png 949w, https:\/\/swedishventures.se\/wp-content\/uploads\/2023\/10\/13677911_5143541.png 977w\" sizes=\"auto, (max-width: 633px) 100vw, 633px\" \/><\/figure>\n","protected":false},"excerpt":{"rendered":"<p>F\u00f6r att f\u00e5 plats f\u00f6r fler framtida Unicorns!<\/p>\n","protected":false},"author":2,"featured_media":0,"parent":0,"menu_order":0,"comment_status":"closed","ping_status":"closed","template":"","meta":{"om_disable_all_campaigns":false,"_monsterinsights_skip_tracking":false,"_monsterinsights_sitenote_active":false,"_monsterinsights_sitenote_note":"","_monsterinsights_sitenote_category":0,"footnotes":""},"class_list":["post-1173","page","type-page","status-publish","hentry"],"blocksy_meta":[],"aioseo_notices":[],"_links":{"self":[{"href":"https:\/\/swedishventures.se\/en\/wp-json\/wp\/v2\/pages\/1173","targetHints":{"allow":["GET"]}}],"collection":[{"href":"https:\/\/swedishventures.se\/en\/wp-json\/wp\/v2\/pages"}],"about":[{"href":"https:\/\/swedishventures.se\/en\/wp-json\/wp\/v2\/types\/page"}],"author":[{"embeddable":true,"href":"https:\/\/swedishventures.se\/en\/wp-json\/wp\/v2\/users\/2"}],"replies":[{"embeddable":true,"href":"https:\/\/swedishventures.se\/en\/wp-json\/wp\/v2\/comments?post=1173"}],"version-history":[{"count":1,"href":"https:\/\/swedishventures.se\/en\/wp-json\/wp\/v2\/pages\/1173\/revisions"}],"predecessor-version":[{"id":1174,"href":"https:\/\/swedishventures.se\/en\/wp-json\/wp\/v2\/pages\/1173\/revisions\/1174"}],"wp:attachment":[{"href":"https:\/\/swedishventures.se\/en\/wp-json\/wp\/v2\/media?parent=1173"}],"curies":[{"name":"wp","href":"https:\/\/api.w.org\/{rel}","templated":true}]}}